{"id":456,"date":"2018-11-07T02:49:31","date_gmt":"2018-11-07T01:49:31","guid":{"rendered":"http:\/\/matematica.cyon.site\/rubennotari.ch\/?page_id=456"},"modified":"2019-03-30T21:42:00","modified_gmt":"2019-03-30T20:42:00","slug":"il-meme-della-domenica","status":"publish","type":"page","link":"https:\/\/rubennotari.ch\/index.php\/il-meme-della-domenica\/","title":{"rendered":"Il Meme della Domenica"},"content":{"rendered":"<p>Con questa campagna, ho voluto sottolineare un po&#8217; le incoerenze attuali del movimento di via Monte Boglia.<br \/>\nDato che la satira \u00e8 il loro pane quotidiano, sicuramente non si offenderanno se viene usata per mostrare alcuni loro limiti.<\/p>\n<p><img loading=\"lazy\" decoding=\"async\" class=\"aligncenter wp-image-461 size-full\" src=\"http:\/\/matematica.cyon.site\/rubennotari.ch\/wp-content\/uploads\/2018\/11\/meme-della-domenica-overview-800px.png\" alt=\"\" width=\"800\" height=\"209\" srcset=\"https:\/\/rubennotari.ch\/wp-content\/uploads\/2018\/11\/meme-della-domenica-overview-800px.png 800w, https:\/\/rubennotari.ch\/wp-content\/uploads\/2018\/11\/meme-della-domenica-overview-800px-300x78.png 300w, https:\/\/rubennotari.ch\/wp-content\/uploads\/2018\/11\/meme-della-domenica-overview-800px-768x201.png 768w\" sizes=\"auto, (max-width: 800px) 100vw, 800px\" \/><\/p>\n<p>La Lega esiste da 28 anni.<br \/>\nFacciamo un bilancio. Cosa ha ottenuto?<br \/>\nIo direi poco o nulla. Con un hashtag #fallilega.<\/p>\n<p>Non nego che il &#8220;genio-sregolatezza&#8221; del Nano mi ha affascinato.<br \/>\nPer\u00f2 volevano combattere le &#8220;grandi famiglie&#8221; e tante ingiustizie nel nostro cantone.<br \/>\nE invece trovo si siano ritagliati la loro fetta di potere, come tutti gli altri.<br \/>\nLa dimostrazione? Ho sollevato una questione su Pelli e Lombardi (le grandi famiglie) in TV e mi hanno risposto due leghisti, Caggiano e Robbiani.<br \/>\nCome mai AIL fa pubblicit\u00e0 da anni sul Mattino?<br \/>\nCome mai si era pronti a vendere la TSI per un po&#8217; di pubblicit\u00e0 di UPC?<br \/>\nPer non parlare di Thermoselect, e di quelli che grazie alla Lega hanno occupato poltrone.<\/p>\n<p>Lega che oggi vaga senza una linea precisa, che in 30 anni non ha saputo darsi un minimo di democrazia interna.<br \/>\nGovernano i colonnelli?<br \/>\nE chi sono?<br \/>\nE perch\u00e9 su no-billag i big (Zali, Gobbi, Borradori, Caverzasio) erano contro ma alla fine ha deciso Quadri?<br \/>\nIo penso che il vero motivo \u00e9 che a garantire la permanenza al potere della Lega \u00e8 il Mattino e, chi comanda quello, comanda la Lega. Zali e Gobbi accettano di farsi chiamare &#8220;governicchio&#8221; senza avere il coraggio di ribattere.<\/p>\n<p>Perch\u00e9 la Lega ha ancora successo nonostante tutto?<br \/>\nPerch\u00e9 \u00e8 sempre stata coerentemente anti UE e libera circolazione.<br \/>\nE la paura di perdere il posto di lavoro o di subire dumping salariale \u00e8 qualcosa per cui non possiamo criticare la popolazione.<br \/>\nCerto la Lega strumentalizza questa paura ingigantendola,<br \/>\nma non possiamo negare il problema.<\/p>\n<hr \/>\n<p><strong>Borradori:<\/strong> ha sempre un grande successo, per il modo semplice, cordiale e socievole di presentarsi alle persone.<\/p>\n<p>Politicamente per\u00f2, non possiamo non considerarlo un po&#8217; opportunista, poich\u00e8 di leghista ha ben poco.<\/p>\n<p><img loading=\"lazy\" decoding=\"async\" class=\"aligncenter wp-image-466\" src=\"http:\/\/matematica.cyon.site\/rubennotari.ch\/wp-content\/uploads\/2018\/11\/borradori-800px.png\" alt=\"\" width=\"450\" height=\"588\" srcset=\"https:\/\/rubennotari.ch\/wp-content\/uploads\/2018\/11\/borradori-800px.png 800w, https:\/\/rubennotari.ch\/wp-content\/uploads\/2018\/11\/borradori-800px-230x300.png 230w, https:\/\/rubennotari.ch\/wp-content\/uploads\/2018\/11\/borradori-800px-768x1003.png 768w, https:\/\/rubennotari.ch\/wp-content\/uploads\/2018\/11\/borradori-800px-784x1024.png 784w\" sizes=\"auto, (max-width: 450px) 100vw, 450px\" \/><\/p>\n<hr \/>\n<p><strong>Governicchio<\/strong>: chiamano in questo modo un governo in cui hanno la maggioranza relativa. \u00c8 davvero il colmo.<br \/>\nIn realt\u00e0 fa parte della tattica della Lega, di giocare un po&#8217; al governo, un po&#8217; all&#8217;opposizione, senza assumersi le giuste responsabilit\u00e0.<\/p>\n<p>Fantastico lo zio Attilio, che quando gli chiedono cos&#8217;abbia risolto la Lega in Governo, risponde che &#8220;a Bellinzona comandano i funzionari&#8221;. Che tenero.<\/p>\n<p>&nbsp;<\/p>\n<p><img loading=\"lazy\" decoding=\"async\" class=\"wp-image-470 aligncenter\" src=\"http:\/\/matematica.cyon.site\/rubennotari.ch\/wp-content\/uploads\/2018\/11\/lega-governicchio-800px-205x300.png\" alt=\"\" width=\"450\" height=\"659\" srcset=\"https:\/\/rubennotari.ch\/wp-content\/uploads\/2018\/11\/lega-governicchio-800px-205x300.png 205w, https:\/\/rubennotari.ch\/wp-content\/uploads\/2018\/11\/lega-governicchio-800px-768x1124.png 768w, https:\/\/rubennotari.ch\/wp-content\/uploads\/2018\/11\/lega-governicchio-800px-700x1024.png 700w, https:\/\/rubennotari.ch\/wp-content\/uploads\/2018\/11\/lega-governicchio-800px.png 800w\" sizes=\"auto, (max-width: 450px) 100vw, 450px\" \/><\/p>\n<hr \/>\n<p>Chi comanda? I <strong>kolonnelli<\/strong>!<br \/>\nNon si sa chi sono.<br \/>\nMa se guardiamo la votazione no-billag, vediamo come i principali big del partito erano contro, a parte Quadri.<br \/>\nPer\u00f2 ha deciso lui, per questioni di interesse con UPC molto probabilmente.<\/p>\n<p>&nbsp;<\/p>\n<p><img loading=\"lazy\" decoding=\"async\" class=\"aligncenter wp-image-472\" src=\"http:\/\/matematica.cyon.site\/rubennotari.ch\/wp-content\/uploads\/2018\/11\/marionette-800px-201x300.png\" alt=\"\" width=\"450\" height=\"672\" srcset=\"https:\/\/rubennotari.ch\/wp-content\/uploads\/2018\/11\/marionette-800px-201x300.png 201w, https:\/\/rubennotari.ch\/wp-content\/uploads\/2018\/11\/marionette-800px-768x1146.png 768w, https:\/\/rubennotari.ch\/wp-content\/uploads\/2018\/11\/marionette-800px-686x1024.png 686w, https:\/\/rubennotari.ch\/wp-content\/uploads\/2018\/11\/marionette-800px.png 800w\" sizes=\"auto, (max-width: 450px) 100vw, 450px\" \/><\/p>\n<p>&nbsp;<\/p>\n<hr \/>\n<p>&nbsp;<\/p>\n<p><strong>Lorenzo Quadri<\/strong> \u00e8 in gamba. Scrive da solo tutto il Mattino.<br \/>\nPer\u00f2 \u00e8 abile a sottrarsi al confronto diretto con gli altri.<br \/>\nPontifica dalla sua postazione dorata.<br \/>\nAd esempio, non ha mai spiegato perch\u00e9 ha accreditato a Berna questi due lobbisti.<br \/>\nCosa c&#8217;entrano col leghismo?<br \/>\nStranamente poi appaiono pagine di pubblicit\u00e0 UPC sul Mattino, e la Lega si \u00e8 unita al carrozzone no-billag, che faceva perdere al Ticino 160 mio dateci da Berna in nome della solidariet\u00e0 culturale (poro Nano, si sar\u00e0 rivoltato nella tomba).<\/p>\n<p>&nbsp;<\/p>\n<p><img loading=\"lazy\" decoding=\"async\" class=\"aligncenter wp-image-473\" src=\"http:\/\/matematica.cyon.site\/rubennotari.ch\/wp-content\/uploads\/2018\/11\/quadri-upc-800px-201x300.png\" alt=\"\" width=\"450\" height=\"672\" srcset=\"https:\/\/rubennotari.ch\/wp-content\/uploads\/2018\/11\/quadri-upc-800px-201x300.png 201w, https:\/\/rubennotari.ch\/wp-content\/uploads\/2018\/11\/quadri-upc-800px-768x1146.png 768w, https:\/\/rubennotari.ch\/wp-content\/uploads\/2018\/11\/quadri-upc-800px-686x1024.png 686w, https:\/\/rubennotari.ch\/wp-content\/uploads\/2018\/11\/quadri-upc-800px.png 800w\" sizes=\"auto, (max-width: 450px) 100vw, 450px\" \/><\/p>\n<p>&nbsp;<\/p>\n<hr \/>\n<p>Ho fatto questo meme, convinto che fosse stato <strong>Supernorman<\/strong> a volere la segnalazione dei radar.<br \/>\nMi hanno per\u00f2 segnalato che non \u00e8 stata idea sua.<br \/>\nForse per\u00f2 poteva opporsi. Ma vabb\u00e8, l&#8217;ho fatto e lo lascio qui.<\/p>\n<p>&nbsp;<\/p>\n<p><img loading=\"lazy\" decoding=\"async\" class=\"aligncenter wp-image-474\" src=\"http:\/\/matematica.cyon.site\/rubennotari.ch\/wp-content\/uploads\/2018\/11\/gobbi-radar-800px-230x300.png\" alt=\"\" width=\"450\" height=\"588\" srcset=\"https:\/\/rubennotari.ch\/wp-content\/uploads\/2018\/11\/gobbi-radar-800px-230x300.png 230w, https:\/\/rubennotari.ch\/wp-content\/uploads\/2018\/11\/gobbi-radar-800px-768x1003.png 768w, https:\/\/rubennotari.ch\/wp-content\/uploads\/2018\/11\/gobbi-radar-800px-784x1024.png 784w, https:\/\/rubennotari.ch\/wp-content\/uploads\/2018\/11\/gobbi-radar-800px.png 800w\" sizes=\"auto, (max-width: 450px) 100vw, 450px\" \/><\/p>\n<p>&nbsp;<\/p>\n<hr \/>\n<p>Sono stato criticato dal signor Caggiano per la mia partecipazione alla trasmissione &#8220;Sotto a chi tocca&#8221;. La critica era civile e sensata.<br \/>\nApplaudiva Pelli per il suo &#8220;importante cognome&#8221; e mi richiamava al rispetto delle persone e delle istituzioni.<br \/>\nTutto bello ma&#8230; Caggiano non si \u00e8 accorto che pubblicare queste cose sul Mattino \u00e8 un paradosso totale, anche perch\u00e9 pure lui non ci sembra patrizio di Corticiasca.<br \/>\nE allora domandiamoci: perch\u00e9 un imprenditore dal cognome meridionale si mette in corsa con la Lega?<br \/>\nForse perch\u00e9 il potere oggi sta l\u00ec?<br \/>\nNDR: Questo meme l&#8217;ho usato come lavoro di portfolio per un posto di redattore nel giornale del movimento di Caggiano.<\/p>\n<p><img loading=\"lazy\" decoding=\"async\" id=\"corticiasca1\" class=\"aligncenter wp-image-764\" src=\"http:\/\/matematica.cyon.site\/rubennotari.ch\/wp-content\/uploads\/2019\/02\/fodiball-784x1024.png\" alt=\"Il meridionale leghista\" width=\"450\" height=\"588\" srcset=\"https:\/\/rubennotari.ch\/wp-content\/uploads\/2019\/02\/fodiball-784x1024.png 784w, https:\/\/rubennotari.ch\/wp-content\/uploads\/2019\/02\/fodiball-230x300.png 230w, https:\/\/rubennotari.ch\/wp-content\/uploads\/2019\/02\/fodiball-768x1003.png 768w, https:\/\/rubennotari.ch\/wp-content\/uploads\/2019\/02\/fodiball.png 1596w\" sizes=\"auto, (max-width: 450px) 100vw, 450px\" \/><\/p>\n<hr \/>\n<p>Dopo 28 anni di esistenza la Lega non ha saputo darsi nemmeno uno statuto, una direzione.<br \/>\nSi continua con bambinate come: &#8220;siamo un movimento&#8221;, &#8220;il Mattino non \u00e8 il giornale della Lega&#8221;, &#8220;siamo in 5 contro 2&#8221;, &#8220;decidono i colonnelli&#8221;.<br \/>\nMi piacerebbe che qualche giornalista chiedesse ai rappresentanti della Lega chi sono i Kolonnelli.<br \/>\nScommettiamo che nessuno saprebbe fare un elenco?<br \/>\nCome fai a voler difendere la democrazia se non la sai nemmeno creare al tuo interno.<br \/>\nDecidono i colonnelli? No, decidono gli affari. #fallilega.<\/p>\n<p>&nbsp;<\/p>\n<p><img loading=\"lazy\" decoding=\"async\" class=\"aligncenter wp-image-803\" src=\"http:\/\/matematica.cyon.site\/rubennotari.ch\/wp-content\/uploads\/2019\/03\/colonnelli-230x300.png\" alt=\"Nella Lega decidono i colonnelli\" width=\"450\" height=\"588\" srcset=\"https:\/\/rubennotari.ch\/wp-content\/uploads\/2019\/03\/colonnelli-230x300.png 230w, https:\/\/rubennotari.ch\/wp-content\/uploads\/2019\/03\/colonnelli-768x1003.png 768w, https:\/\/rubennotari.ch\/wp-content\/uploads\/2019\/03\/colonnelli-784x1024.png 784w, https:\/\/rubennotari.ch\/wp-content\/uploads\/2019\/03\/colonnelli.png 1596w\" sizes=\"auto, (max-width: 450px) 100vw, 450px\" \/><\/p>\n<p>&nbsp;<\/p>\n","protected":false},"excerpt":{"rendered":"<p>Con questa campagna, ho voluto sottolineare un po&#8217; le incoerenze attuali del movimento di via Monte Boglia. Dato che la<\/p>\n","protected":false},"author":1,"featured_media":462,"parent":0,"menu_order":0,"comment_status":"closed","ping_status":"closed","template":"","meta":{"_monsterinsights_skip_tracking":false,"_monsterinsights_sitenote_active":false,"_monsterinsights_sitenote_note":"","_monsterinsights_sitenote_category":0,"footnotes":""},"class_list":["post-456","page","type-page","status-publish","has-post-thumbnail","hentry"],"aioseo_notices":[],"_links":{"self":[{"href":"https:\/\/rubennotari.ch\/index.php\/wp-json\/wp\/v2\/pages\/456","targetHints":{"allow":["GET"]}}],"collection":[{"href":"https:\/\/rubennotari.ch\/index.php\/wp-json\/wp\/v2\/pages"}],"about":[{"href":"https:\/\/rubennotari.ch\/index.php\/wp-json\/wp\/v2\/types\/page"}],"author":[{"embeddable":true,"href":"https:\/\/rubennotari.ch\/index.php\/wp-json\/wp\/v2\/users\/1"}],"replies":[{"embeddable":true,"href":"https:\/\/rubennotari.ch\/index.php\/wp-json\/wp\/v2\/comments?post=456"}],"version-history":[{"count":22,"href":"https:\/\/rubennotari.ch\/index.php\/wp-json\/wp\/v2\/pages\/456\/revisions"}],"predecessor-version":[{"id":805,"href":"https:\/\/rubennotari.ch\/index.php\/wp-json\/wp\/v2\/pages\/456\/revisions\/805"}],"wp:featuredmedia":[{"embeddable":true,"href":"https:\/\/rubennotari.ch\/index.php\/wp-json\/wp\/v2\/media\/462"}],"wp:attachment":[{"href":"https:\/\/rubennotari.ch\/index.php\/wp-json\/wp\/v2\/media?parent=456"}],"curies":[{"name":"wp","href":"https:\/\/api.w.org\/{rel}","templated":true}]}}