{"id":668,"date":"2018-12-15T16:46:43","date_gmt":"2018-12-15T15:46:43","guid":{"rendered":"http:\/\/matematica.cyon.site\/rubennotari.ch\/?page_id=668"},"modified":"2018-12-18T23:14:53","modified_gmt":"2018-12-18T22:14:53","slug":"piu-gattini-per-tutti","status":"publish","type":"page","link":"https:\/\/rubennotari.ch\/index.php\/piu-gattini-per-tutti\/","title":{"rendered":"Pi\u00f9 gattini per tutti!"},"content":{"rendered":"<p>Durante la campagna elettorale, tutti noi candidati vi proporremo dei bellissimi slogan e faremo grandi promesse.<br \/>\nPoi, quando ci verrete a chiedere conto, vi diremo che &#8220;non\u00a0 si pu\u00f2&#8221;, &#8220;non han voluto&#8221;, &#8220;\u00e9 difficile&#8221; e tante altre scuse.<\/p>\n<p>La campagna &#8220;Pi\u00f9 gattini per tutti&#8221; vuole semplicemente farvi riflettere su questo.<br \/>\n\u00c8 un invito a votare chi ha proposte concrete, chiare e implementabili, a votare la persona per le sue capacit\u00e0, affidabilit\u00e0 e onest\u00e0, e non in base a chi ha lo slogan pi\u00f9 bello.<\/p>\n<p>Detto questo, se amate i gattini, votatemi! \ud83d\ude42<\/p>\n<p><img loading=\"lazy\" decoding=\"async\" class=\"alignnone size-medium wp-image-670\" src=\"http:\/\/matematica.cyon.site\/rubennotari.ch\/wp-content\/uploads\/2018\/12\/gattino0900-300x200.jpg\" alt=\"\" width=\"300\" height=\"200\" srcset=\"https:\/\/rubennotari.ch\/wp-content\/uploads\/2018\/12\/gattino0900-300x200.jpg 300w, https:\/\/rubennotari.ch\/wp-content\/uploads\/2018\/12\/gattino0900-768x512.jpg 768w, https:\/\/rubennotari.ch\/wp-content\/uploads\/2018\/12\/gattino0900.jpg 1024w\" sizes=\"auto, (max-width: 300px) 100vw, 300px\" \/><\/p>\n","protected":false},"excerpt":{"rendered":"<p>Durante la campagna elettorale, tutti noi candidati vi proporremo dei bellissimi slogan e faremo grandi promesse. Poi, quando ci verrete<\/p>\n","protected":false},"author":1,"featured_media":669,"parent":0,"menu_order":0,"comment_status":"closed","ping_status":"closed","template":"","meta":{"_monsterinsights_skip_tracking":false,"_monsterinsights_sitenote_active":false,"_monsterinsights_sitenote_note":"","_monsterinsights_sitenote_category":0,"footnotes":""},"class_list":["post-668","page","type-page","status-publish","has-post-thumbnail","hentry"],"aioseo_notices":[],"_links":{"self":[{"href":"https:\/\/rubennotari.ch\/index.php\/wp-json\/wp\/v2\/pages\/668","targetHints":{"allow":["GET"]}}],"collection":[{"href":"https:\/\/rubennotari.ch\/index.php\/wp-json\/wp\/v2\/pages"}],"about":[{"href":"https:\/\/rubennotari.ch\/index.php\/wp-json\/wp\/v2\/types\/page"}],"author":[{"embeddable":true,"href":"https:\/\/rubennotari.ch\/index.php\/wp-json\/wp\/v2\/users\/1"}],"replies":[{"embeddable":true,"href":"https:\/\/rubennotari.ch\/index.php\/wp-json\/wp\/v2\/comments?post=668"}],"version-history":[{"count":2,"href":"https:\/\/rubennotari.ch\/index.php\/wp-json\/wp\/v2\/pages\/668\/revisions"}],"predecessor-version":[{"id":693,"href":"https:\/\/rubennotari.ch\/index.php\/wp-json\/wp\/v2\/pages\/668\/revisions\/693"}],"wp:featuredmedia":[{"embeddable":true,"href":"https:\/\/rubennotari.ch\/index.php\/wp-json\/wp\/v2\/media\/669"}],"wp:attachment":[{"href":"https:\/\/rubennotari.ch\/index.php\/wp-json\/wp\/v2\/media?parent=668"}],"curies":[{"name":"wp","href":"https:\/\/api.w.org\/{rel}","templated":true}]}}